{"id":245,"date":"2025-07-08T10:10:39","date_gmt":"2025-07-08T10:10:39","guid":{"rendered":"https:\/\/balkenhol-consulting.com\/?page_id=245"},"modified":"2025-09-15T09:23:29","modified_gmt":"2025-09-15T09:23:29","slug":"impressum","status":"publish","type":"page","link":"https:\/\/www.dr-balkenhol.com\/en\/impressum\/","title":{"rendered":"Imprint"},"content":{"rendered":"<div data-elementor-type=\"wp-page\" data-elementor-id=\"245\" class=\"elementor elementor-245\" data-elementor-post-type=\"page\">\n\t\t\t\t<div class=\"elementor-element elementor-element-5078e041 e-con-full e-flex e-con e-parent\" data-id=\"5078e041\" data-element_type=\"container\" data-e-type=\"container\">\n\t\t\t\t<div class=\"elementor-element elementor-element-1f288563 elementor-widget elementor-widget-heading\" data-id=\"1f288563\" data-element_type=\"widget\" data-e-type=\"widget\" data-widget_type=\"heading.default\">\n\t\t\t\t\t<h2 class=\"elementor-heading-title elementor-size-default\">Imprint<\/h2>\t\t\t\t<\/div>\n\t\t\t\t<div class=\"elementor-element elementor-element-49b2c1fe elementor-widget elementor-widget-text-editor\" data-id=\"49b2c1fe\" data-element_type=\"widget\" data-e-type=\"widget\" data-widget_type=\"text-editor.default\">\n\t\t\t\t\t\t\t\t\t<h5><b>Legal and editorial responsibility<\/b><\/h5><p>dr.balkenhol GmbH<\/p><p>Friedrich-von-Spee-Str. 37<\/p><p>40489 D\u00fcsseldorf (Germany)<\/p><p>Represented by the managing director:<\/p><p>Dr. Markus Balkenhol<\/p><h5><b>Contact<\/b><\/h5><p>Phone: +49 211 1583 8103<\/p><p>Fax: +49 211 5422 2262<\/p><p>E-mail: mail@dr-balkenhol.com<\/p><h5><b>Commercial Register<\/b><\/h5><p>HRB 109065, District Court of D\u00fcsseldorf.<\/p><h5><b>Information on professional liability insurance<\/b><\/h5><h6><strong>Name and registered office of the insurer:<\/strong><\/h6><p>HDI Versicherung AG<\/p><p>HDI-Platz 1<\/p><p>30659 Hannover (Germany)<\/p><h6><strong>Geographical scope of insurance coverage:<\/strong><\/h6><p>Insurance cover is provided worldwide for professional activities arising from the violation and non-compliance with the laws of the European Union (EU), the European Economic Area (EEA) and Switzerland.<\/p><h5><b>VAT ID<\/b><\/h5><p>VAT Identification Number pursuant to \u00a7 27 a German VAT Act: DE454613455.<\/p><h5><b><strong>Social media presence<\/strong><\/b><\/h5><p>This legal notice also applies to our <a href=\"https:\/\/www.youtube.com\/@insightnuggetspro\">YouTube<\/a> Channel as well as <a href=\"https:\/\/www.xing.com\/profile\/Markus_Balkenhol3\/portfolio\">Xing<\/a> and <a href=\"https:\/\/www.linkedin.com\/company\/dr-balkenhol-gmbh\/\">LinkedIn<\/a>.<\/p><h5><b>Consumer Dispute Resolution \/ Universal Arbitration Board<\/b><\/h5><p>We are neither willing nor obliged to participate in dispute resolution proceedings before a consumer arbitration board.<\/p>\t\t\t\t\t\t\t\t<\/div>\n\t\t\t\t<\/div>\n\t\t\t\t<\/div>","protected":false},"excerpt":{"rendered":"<p>Impressum Rechtlich und redaktionell verantwortlich dr.balkenhol GmbH Friedrich-von-Spee-Str. 37 40489 D\u00fcsseldorf Vertreten durch den Gesch\u00e4ftsf\u00fchrer: Dr. Markus Balkenhol Kontakt Telefon: +49 211 1583 8103 Telefax: +49 211 5422 2262 E-Mail: [&hellip;]<\/p>\n","protected":false},"author":1,"featured_media":0,"parent":0,"menu_order":0,"comment_status":"closed","ping_status":"closed","template":"elementor_header_footer","meta":{"footnotes":""},"class_list":["post-245","page","type-page","status-publish","hentry"],"_links":{"self":[{"href":"https:\/\/www.dr-balkenhol.com\/en\/wp-json\/wp\/v2\/pages\/245","targetHints":{"allow":["GET"]}}],"collection":[{"href":"https:\/\/www.dr-balkenhol.com\/en\/wp-json\/wp\/v2\/pages"}],"about":[{"href":"https:\/\/www.dr-balkenhol.com\/en\/wp-json\/wp\/v2\/types\/page"}],"author":[{"embeddable":true,"href":"https:\/\/www.dr-balkenhol.com\/en\/wp-json\/wp\/v2\/users\/1"}],"replies":[{"embeddable":true,"href":"https:\/\/www.dr-balkenhol.com\/en\/wp-json\/wp\/v2\/comments?post=245"}],"version-history":[{"count":39,"href":"https:\/\/www.dr-balkenhol.com\/en\/wp-json\/wp\/v2\/pages\/245\/revisions"}],"predecessor-version":[{"id":734,"href":"https:\/\/www.dr-balkenhol.com\/en\/wp-json\/wp\/v2\/pages\/245\/revisions\/734"}],"wp:attachment":[{"href":"https:\/\/www.dr-balkenhol.com\/en\/wp-json\/wp\/v2\/media?parent=245"}],"curies":[{"name":"wp","href":"https:\/\/api.w.org\/{rel}","templated":true}]}}